{"id":62,"date":"2023-04-23T18:05:12","date_gmt":"2023-04-23T18:05:12","guid":{"rendered":"http:\/\/musicbymoana.com\/?page_id=62"},"modified":"2024-10-08T11:19:19","modified_gmt":"2024-10-08T09:19:19","slug":"bio","status":"publish","type":"page","link":"https:\/\/musicbymoana.com\/?page_id=62","title":{"rendered":"BIO"},"content":{"rendered":"\n<figure class=\"wp-block-image size-large\"><img loading=\"lazy\" decoding=\"async\" width=\"1024\" height=\"554\" src=\"https:\/\/musicbymoana.com\/wp-content\/uploads\/2023\/05\/spotify_header_2-1024x554.jpg\" alt=\"\" class=\"wp-image-177\" srcset=\"https:\/\/musicbymoana.com\/wp-content\/uploads\/2023\/05\/spotify_header_2-1024x554.jpg 1024w, https:\/\/musicbymoana.com\/wp-content\/uploads\/2023\/05\/spotify_header_2-300x162.jpg 300w, https:\/\/musicbymoana.com\/wp-content\/uploads\/2023\/05\/spotify_header_2-768x415.jpg 768w, https:\/\/musicbymoana.com\/wp-content\/uploads\/2023\/05\/spotify_header_2-1536x831.jpg 1536w, https:\/\/musicbymoana.com\/wp-content\/uploads\/2023\/05\/spotify_header_2-2048x1107.jpg 2048w, https:\/\/musicbymoana.com\/wp-content\/uploads\/2023\/05\/spotify_header_2-1568x848.jpg 1568w, https:\/\/musicbymoana.com\/wp-content\/uploads\/2023\/05\/spotify_header_2-215x116.jpg 215w\" sizes=\"(max-width: 1024px) 100vw, 1024px\" \/><\/figure>\n\n\n\n<figure class=\"wp-block-image size-full is-resized\"><img loading=\"lazy\" decoding=\"async\" src=\"https:\/\/musicbymoana.com\/wp-content\/uploads\/2023\/05\/flagge-deutschland.jpeg\" alt=\"\" class=\"wp-image-175\" width=\"39\" height=\"23\" srcset=\"https:\/\/musicbymoana.com\/wp-content\/uploads\/2023\/05\/flagge-deutschland.jpeg 620w, https:\/\/musicbymoana.com\/wp-content\/uploads\/2023\/05\/flagge-deutschland-300x180.jpeg 300w, https:\/\/musicbymoana.com\/wp-content\/uploads\/2023\/05\/flagge-deutschland-193x116.jpeg 193w\" sizes=\"(max-width: 39px) 100vw, 39px\" \/><\/figure>\n\n\n\n<p>Was ist der Flow-Zustand? Was bedeutet es &#8222;im Fluss zu sein&#8220;?<br>Mit dieser Frage besch\u00e4ftigte sich die 21-j\u00e4hrige deutsche S\u00e4ngerin und Songwriterin Moana bereits in ihrer Schulzeit und mit dieser Frage begann eine innere Dynamik, die schlie\u00dflich in die Ver\u00f6ffentlichung ihrer ersten eigenen Songs m\u00fcndete. Ihr wurde bewusst, dass die Musik und die Texte die in ihr leben, mit Leichtigkeit nach au\u00dfen flie\u00dfen, wenn sie sich im Zustand des \u201eFlow\u201c befindet. Sie verschmilzt mit Klang und Harmonie.<br>Die frische und klare Klangvielfalt ihrer Stimme, ihre Intention beim Singen und die Tiefe ihrer Texte schaffen einen besonderen und zeitlosen Stil. Er umfasst Elemente aus dem Pop, Rock, Soul, Jazz und des Mantra-Gesangs.<br>Unterst\u00fctzt wird Klara Moana Hauter, wie sie eigentlich hei\u00dft, von ihrer Gesangslehrerin und Mentorin B\u00ea Ignacio, einer deutsch-brasilianischen S\u00e4ngerin und ihrem brasilianischen Produzenten und Musiker Emerson Villani.<br>2023 ver\u00f6ffentlichte Moana ihre ersten drei Songs. Einige werden dieses Jahr noch folgen.<\/p>\n\n\n\n<p>\u201eDurch meine Musik zeige ich, was in meinem Herzen lebt. Sie ist nicht nur meine Leidenschaft, sondern mein Beitrag etwas Hoffnung und Licht in die Welt zu bringen\u201c<\/p>\n\n\n\n<figure class=\"wp-block-image size-full is-resized\"><img loading=\"lazy\" decoding=\"async\" src=\"https:\/\/musicbymoana.com\/wp-content\/uploads\/2023\/05\/flagge-grossbritannien.jpeg\" alt=\"\" class=\"wp-image-174\" width=\"49\" height=\"23\"\/><\/figure>\n\n\n\n<p>What is the flow state? What does it mean to be &#8222;in the flow&#8220;? The 21-year-old German singer and songwriter Moana already dealt with this question in her school days and with this question began an inner dynamic that eventually led to the release of her first own songs. She realized that the music and lyrics that live inside her flow outward with ease when she is in a state of &#8222;flow&#8220;. She merges with sound and harmony.<br>The fresh and clear sound variety of her voice, her intention when singing and the depth of her lyrics create a special and timeless style. It includes elements from pop, rock, soul, jazz and mantra singing.<br>Klara Moana Hauter, as she is actually called, is supported by her vocal teacher and mentor B\u00ea Ignacio, a German-Brazilian singer and her Brazilian producer and musician Emerson Villani.<br>In 2023, Moana released her first three songs. Some will follow this year.<\/p>\n\n\n\n<p>&#8222;Through my music, I show what lives in my heart. It is not only my passion, but my contribution to bring some hope and light to the world&#8220;<\/p>\n","protected":false},"excerpt":{"rendered":"<p>Was ist der Flow-Zustand? Was bedeutet es &#8222;im Fluss zu sein&#8220;?Mit dieser Frage besch\u00e4ftigte sich die 21-j\u00e4hrige deutsche S\u00e4ngerin und Songwriterin Moana bereits in ihrer Schulzeit und mit dieser Frage begann eine innere Dynamik, die schlie\u00dflich in die Ver\u00f6ffentlichung ihrer ersten eigenen Songs m\u00fcndete. Ihr wurde bewusst, dass die Musik und die Texte die in&hellip; <a class=\"more-link\" href=\"https:\/\/musicbymoana.com\/?page_id=62\"><span class=\"screen-reader-text\">BIO<\/span> weiterlesen<\/a><\/p>\n","protected":false},"author":1,"featured_media":0,"parent":0,"menu_order":0,"comment_status":"closed","ping_status":"closed","template":"","meta":{"footnotes":""},"class_list":["post-62","page","type-page","status-publish","hentry","entry"],"yoast_head":"<!-- This site is optimized with the Yoast SEO plugin v25.6 - https:\/\/yoast.com\/wordpress\/plugins\/seo\/ -->\n<title>BIO | music by moana<\/title>\n<meta name=\"description\" content=\"music by moana BIO\" \/>\n<meta name=\"robots\" content=\"index, follow, max-snippet:-1, max-image-preview:large, max-video-preview:-1\" \/>\n<link rel=\"canonical\" href=\"https:\/\/musicbymoana.com\/?page_id=62\" \/>\n<meta property=\"og:locale\" content=\"de_DE\" \/>\n<meta property=\"og:type\" content=\"article\" \/>\n<meta property=\"og:title\" content=\"BIO | music by moana\" \/>\n<meta property=\"og:description\" content=\"music by moana BIO\" \/>\n<meta property=\"og:url\" content=\"https:\/\/musicbymoana.com\/?page_id=62\" \/>\n<meta property=\"og:site_name\" content=\"music by moana\" \/>\n<meta property=\"article:modified_time\" content=\"2024-10-08T09:19:19+00:00\" \/>\n<meta property=\"og:image\" content=\"http:\/\/musicbymoana.com\/wp-content\/uploads\/2023\/05\/spotify_header_2-1024x554.jpg\" \/>\n<meta name=\"twitter:card\" content=\"summary_large_image\" \/>\n<meta name=\"twitter:label1\" content=\"Gesch\u00e4tzte Lesezeit\" \/>\n\t<meta name=\"twitter:data1\" content=\"3 Minuten\" \/>\n<script type=\"application\/ld+json\" class=\"yoast-schema-graph\">{\"@context\":\"https:\/\/schema.org\",\"@graph\":[{\"@type\":\"WebPage\",\"@id\":\"https:\/\/musicbymoana.com\/?page_id=62\",\"url\":\"https:\/\/musicbymoana.com\/?page_id=62\",\"name\":\"BIO | music by moana\",\"isPartOf\":{\"@id\":\"https:\/\/musicbymoana.com\/#website\"},\"primaryImageOfPage\":{\"@id\":\"https:\/\/musicbymoana.com\/?page_id=62#primaryimage\"},\"image\":{\"@id\":\"https:\/\/musicbymoana.com\/?page_id=62#primaryimage\"},\"thumbnailUrl\":\"http:\/\/musicbymoana.com\/wp-content\/uploads\/2023\/05\/spotify_header_2-1024x554.jpg\",\"datePublished\":\"2023-04-23T18:05:12+00:00\",\"dateModified\":\"2024-10-08T09:19:19+00:00\",\"description\":\"music by moana BIO\",\"breadcrumb\":{\"@id\":\"https:\/\/musicbymoana.com\/?page_id=62#breadcrumb\"},\"inLanguage\":\"de-DE\",\"potentialAction\":[{\"@type\":\"ReadAction\",\"target\":[\"https:\/\/musicbymoana.com\/?page_id=62\"]}]},{\"@type\":\"ImageObject\",\"inLanguage\":\"de-DE\",\"@id\":\"https:\/\/musicbymoana.com\/?page_id=62#primaryimage\",\"url\":\"http:\/\/musicbymoana.com\/wp-content\/uploads\/2023\/05\/spotify_header_2-1024x554.jpg\",\"contentUrl\":\"http:\/\/musicbymoana.com\/wp-content\/uploads\/2023\/05\/spotify_header_2-1024x554.jpg\"},{\"@type\":\"BreadcrumbList\",\"@id\":\"https:\/\/musicbymoana.com\/?page_id=62#breadcrumb\",\"itemListElement\":[{\"@type\":\"ListItem\",\"position\":1,\"name\":\"Home\",\"item\":\"https:\/\/musicbymoana.com\/\"},{\"@type\":\"ListItem\",\"position\":2,\"name\":\"BIO\"}]},{\"@type\":\"WebSite\",\"@id\":\"https:\/\/musicbymoana.com\/#website\",\"url\":\"https:\/\/musicbymoana.com\/\",\"name\":\"musicbymoana\",\"description\":\"Music from Klara Moana Hauter\",\"publisher\":{\"@id\":\"https:\/\/musicbymoana.com\/#\/schema\/person\/9a345daace405acd6bb5b48310c7cb7c\"},\"potentialAction\":[{\"@type\":\"SearchAction\",\"target\":{\"@type\":\"EntryPoint\",\"urlTemplate\":\"https:\/\/musicbymoana.com\/?s={search_term_string}\"},\"query-input\":{\"@type\":\"PropertyValueSpecification\",\"valueRequired\":true,\"valueName\":\"search_term_string\"}}],\"inLanguage\":\"de-DE\"},{\"@type\":[\"Person\",\"Organization\"],\"@id\":\"https:\/\/musicbymoana.com\/#\/schema\/person\/9a345daace405acd6bb5b48310c7cb7c\",\"name\":\"Klara Moana Hauter\",\"image\":{\"@type\":\"ImageObject\",\"inLanguage\":\"de-DE\",\"@id\":\"https:\/\/musicbymoana.com\/#\/schema\/person\/image\/\",\"url\":\"https:\/\/musicbymoana.com\/wp-content\/uploads\/2023\/04\/cropped-Klara_Moana_41-scaled-1.jpg\",\"contentUrl\":\"https:\/\/musicbymoana.com\/wp-content\/uploads\/2023\/04\/cropped-Klara_Moana_41-scaled-1.jpg\",\"width\":512,\"height\":512,\"caption\":\"Klara Moana Hauter\"},\"logo\":{\"@id\":\"https:\/\/musicbymoana.com\/#\/schema\/person\/image\/\"},\"sameAs\":[\"https:\/\/musicbymoana.com\",\"https:\/\/www.instagram.com\/klara_moana\/\",\"https:\/\/www.youtube.com\/@musicbymoana\"]}]}<\/script>\n<!-- \/ Yoast SEO plugin. -->","yoast_head_json":{"title":"BIO | music by moana","description":"music by moana BIO","robots":{"index":"index","follow":"follow","max-snippet":"max-snippet:-1","max-image-preview":"max-image-preview:large","max-video-preview":"max-video-preview:-1"},"canonical":"https:\/\/musicbymoana.com\/?page_id=62","og_locale":"de_DE","og_type":"article","og_title":"BIO | music by moana","og_description":"music by moana BIO","og_url":"https:\/\/musicbymoana.com\/?page_id=62","og_site_name":"music by moana","article_modified_time":"2024-10-08T09:19:19+00:00","og_image":[{"url":"http:\/\/musicbymoana.com\/wp-content\/uploads\/2023\/05\/spotify_header_2-1024x554.jpg","type":"","width":"","height":""}],"twitter_card":"summary_large_image","twitter_misc":{"Gesch\u00e4tzte Lesezeit":"3 Minuten"},"schema":{"@context":"https:\/\/schema.org","@graph":[{"@type":"WebPage","@id":"https:\/\/musicbymoana.com\/?page_id=62","url":"https:\/\/musicbymoana.com\/?page_id=62","name":"BIO | music by moana","isPartOf":{"@id":"https:\/\/musicbymoana.com\/#website"},"primaryImageOfPage":{"@id":"https:\/\/musicbymoana.com\/?page_id=62#primaryimage"},"image":{"@id":"https:\/\/musicbymoana.com\/?page_id=62#primaryimage"},"thumbnailUrl":"http:\/\/musicbymoana.com\/wp-content\/uploads\/2023\/05\/spotify_header_2-1024x554.jpg","datePublished":"2023-04-23T18:05:12+00:00","dateModified":"2024-10-08T09:19:19+00:00","description":"music by moana BIO","breadcrumb":{"@id":"https:\/\/musicbymoana.com\/?page_id=62#breadcrumb"},"inLanguage":"de-DE","potentialAction":[{"@type":"ReadAction","target":["https:\/\/musicbymoana.com\/?page_id=62"]}]},{"@type":"ImageObject","inLanguage":"de-DE","@id":"https:\/\/musicbymoana.com\/?page_id=62#primaryimage","url":"http:\/\/musicbymoana.com\/wp-content\/uploads\/2023\/05\/spotify_header_2-1024x554.jpg","contentUrl":"http:\/\/musicbymoana.com\/wp-content\/uploads\/2023\/05\/spotify_header_2-1024x554.jpg"},{"@type":"BreadcrumbList","@id":"https:\/\/musicbymoana.com\/?page_id=62#breadcrumb","itemListElement":[{"@type":"ListItem","position":1,"name":"Home","item":"https:\/\/musicbymoana.com\/"},{"@type":"ListItem","position":2,"name":"BIO"}]},{"@type":"WebSite","@id":"https:\/\/musicbymoana.com\/#website","url":"https:\/\/musicbymoana.com\/","name":"musicbymoana","description":"Music from Klara Moana Hauter","publisher":{"@id":"https:\/\/musicbymoana.com\/#\/schema\/person\/9a345daace405acd6bb5b48310c7cb7c"},"potentialAction":[{"@type":"SearchAction","target":{"@type":"EntryPoint","urlTemplate":"https:\/\/musicbymoana.com\/?s={search_term_string}"},"query-input":{"@type":"PropertyValueSpecification","valueRequired":true,"valueName":"search_term_string"}}],"inLanguage":"de-DE"},{"@type":["Person","Organization"],"@id":"https:\/\/musicbymoana.com\/#\/schema\/person\/9a345daace405acd6bb5b48310c7cb7c","name":"Klara Moana Hauter","image":{"@type":"ImageObject","inLanguage":"de-DE","@id":"https:\/\/musicbymoana.com\/#\/schema\/person\/image\/","url":"https:\/\/musicbymoana.com\/wp-content\/uploads\/2023\/04\/cropped-Klara_Moana_41-scaled-1.jpg","contentUrl":"https:\/\/musicbymoana.com\/wp-content\/uploads\/2023\/04\/cropped-Klara_Moana_41-scaled-1.jpg","width":512,"height":512,"caption":"Klara Moana Hauter"},"logo":{"@id":"https:\/\/musicbymoana.com\/#\/schema\/person\/image\/"},"sameAs":["https:\/\/musicbymoana.com","https:\/\/www.instagram.com\/klara_moana\/","https:\/\/www.youtube.com\/@musicbymoana"]}]}},"jetpack_sharing_enabled":true,"_links":{"self":[{"href":"https:\/\/musicbymoana.com\/index.php?rest_route=\/wp\/v2\/pages\/62"}],"collection":[{"href":"https:\/\/musicbymoana.com\/index.php?rest_route=\/wp\/v2\/pages"}],"about":[{"href":"https:\/\/musicbymoana.com\/index.php?rest_route=\/wp\/v2\/types\/page"}],"author":[{"embeddable":true,"href":"https:\/\/musicbymoana.com\/index.php?rest_route=\/wp\/v2\/users\/1"}],"replies":[{"embeddable":true,"href":"https:\/\/musicbymoana.com\/index.php?rest_route=%2Fwp%2Fv2%2Fcomments&post=62"}],"version-history":[{"count":7,"href":"https:\/\/musicbymoana.com\/index.php?rest_route=\/wp\/v2\/pages\/62\/revisions"}],"predecessor-version":[{"id":241,"href":"https:\/\/musicbymoana.com\/index.php?rest_route=\/wp\/v2\/pages\/62\/revisions\/241"}],"wp:attachment":[{"href":"https:\/\/musicbymoana.com\/index.php?rest_route=%2Fwp%2Fv2%2Fmedia&parent=62"}],"curies":[{"name":"wp","href":"https:\/\/api.w.org\/{rel}","templated":true}]}}